{"id":1696,"date":"2022-05-11T22:36:11","date_gmt":"2022-05-11T22:36:11","guid":{"rendered":"https:\/\/ideas-artelegno.com\/?page_id=1696"},"modified":"2022-05-16T01:35:34","modified_gmt":"2022-05-16T01:35:34","slug":"civil-design","status":"publish","type":"page","link":"https:\/\/ideas-artelegno.com\/it\/civil-design\/","title":{"rendered":"C\u0130V\u0130L DES\u0130GN"},"content":{"rendered":"<section class=\"wpb_row vc_row-fluid no-padding\"><div class=\"row\"><div class=\"wpb_column vc_column_container vc_col-sm-12\"><div class=\"vc_column-inner\"><div class=\"wpb_wrapper\"  >\n\t<div class=\"wpb_raw_code wpb_content_element wpb_raw_html\" >\n\t\t<div class=\"wpb_wrapper\">\n\t\t\t<style>\/*===== general options =========*\/\na {\n    box-shadow: none !important;\n}\n.view *:not(i), .album_categories *, .album_back_button *, #album_disabled_layer {\n    font-family: sans-serif, Arial, Verdana, Sylfaen !important;\n}\n#album_disabled_layer {\n    display: none;\n    position: absolute;\n    width: 100%;\n    height: 100%;\n    text-align: center;\n    background-color: transparent;\n    z-index: 10;\n    padding-top: 20px;\n    color: #fff;\n}\n#album_list_container {\n    position: relative;\n}\n\/* ====================== album onhover styles ==========================*\/\n#album_list .view {\n    -webkit-box-sizing: border-box;\n    -moz-box-sizing: border-box;\n    -o-box-sizing: border-box;\n    display: none;\n}\n.view .mask,\n.view .content {\n    width: 100%;\n    height: 100%;\n    position: absolute;\n    overflow: hidden;\n    top: 0;\n    left: 0;\n}\n.view h2 {\n    text-transform: uppercase;\n    color: #fff;\n    text-align: center;\n    position: relative;\n    font-size: 17px;\n    font-family: Raleway, serif;\n    padding: 10px;\n    \/*background: rgba(0, 0, 0, 0.8);*\/\n    margin: 20px 0 0 0;\n}\n.album_back_button a, .view a {\n    text-decoration: none !important;\n}\n.view p {\n    font-family: Merriweather, serif;\n    font-style: italic;\n    font-size: 14px;\n    position: relative;\n    color: #fff;\n    padding: 0px 20px 0px;\n    text-align: center;\n}\n.view a.info {\n    display: inline-block;\n    text-decoration: none;\n    font-size: 13px;\n    padding: 2px 14px;\n    margin-bottom: 3px;\n    background: #000;\n    color: #fff;\n    font-family: Raleway, serif;\n    text-transform: uppercase;\n    box-shadow: 0 0 1px #000\n}\n.mask-text h2 {\n    font-size: 20px !important;\n}\n.view a.info:hover {\n    box-shadow: 0 0 5px #000\n}\n.view .mask-bg {\n    height: 100%;\n}\n.view .album_social {\n    color: #fff;\n    position: absolute;\n    bottom: 3px;\n    left: 3px;\n    border: 1px solid #ffffff;\n    -webkit-border-radius: 3px;\n    -moz-border-radius: 3px;\n    border-radius: 3px;\n    padding: 3px 5px;\n}\n.view .album_social:active, .view .album_social:focus, .view .album_social:hover {\n    color: #ffffff;\n    outline: none;\n}\n\/*1*\/\n.view .info {\n    margin-top: 5px;\n}\n.view-first .mask {\n    opacity: 0;\n    background-color: rgba(0, 0, 0, 0.7);\n    transition: all 0.4s ease-in-out;\n}\n.view-first h2 {\n    transform: translateY(-100px);\n    opacity: 0;\n    font-family: Raleway, serif;\n    transition: all 0.2s ease-in-out;\n}\n.view-first p {\n    transform: translateY(100px);\n    opacity: 0;\n    transition: all 0.2s linear;\n}\n.view-first a.info {\n    opacity: 0;\n    transition: all 0.2s ease-in-out;\n}\n\/* *\/\n.view-first:hover img {\n    \/*transform: scale(1.1);*\/\n}\n.view-first:hover .mask {\n    opacity: 1;\n}\n.view-first:hover h2,\n.view-first:hover p,\n.view-first:hover a.info {\n    opacity: 1;\n    transform: translateY(0px);\n}\n.view-first:hover p {\n    transition-delay: 0.1s;\n}\n.view-first:hover a.info {\n    transition-delay: 0.2s;\n}\n\/*2*\/\n.view-second img {\n    -webkit-filter: grayscale(0) blur(0);\n    filter: grayscale(0) blur(0);\n    -webkit-transition: .3s ease-in-out;\n    transition: .3s ease-in-out;\n}\n.view-second .mask {\n    background-color: rgba(226, 200, 127, 0.2);\n    transition: all 0.5s linear;\n    opacity: 0;\n}\n.view-second h2 {\n    background: transparent;\n    margin: 20px 40px 0px 40px;\n    transform: scale(0);\n    color: #333;\n    transition: all 0.5s linear;\n    opacity: 0;\n}\n.view-second p {\n    opacity: 0;\n    transform: scale(0);\n    transition: all 0.5s linear;\n}\n.view-second a.info {\n    opacity: 0;\n    transform: scale(0);\n    transition: all 0.5s linear;\n}\n.view-second:hover img {\n    -webkit-filter: grayscale(100%) blur(3px);\n    filter: grayscale(100%) blur(3px);\n}\n.view-second:hover .mask {\n    opacity: 1;\n}\n.view-second:hover h2,\n.view-second:hover p,\n.view-second:hover a.info {\n    transform: scale(1);\n    opacity: 1;\n}\n.view-second img {\n    -webkit-filter: grayscale(0) blur(0);\n    filter: grayscale(0) blur(0);\n    -webkit-transition: .3s ease-in-out;\n    transition: .3s ease-in-out;\n}\n.view-second:hover img {\n    -webkit-filter: grayscale(100%) blur(3px);\n    filter: grayscale(100%) blur(3px);\n}\n\/*3*\/\n.view-third img {\n    transform: scaleY(1);\n    transition: all .7s ease-in-out;\n}\n.view-third a.info {\n    opacity: 0;\n    transform: scale(0);\n    transition: all 0.5s linear;\n}\n.view-third:hover img {\n    -webkit-transform: scale(1.5);\n    transform: scale(1.5);\n    opacity: 0;\n}\n.view-third:hover .mask {\n    opacity: 1;\n}\n.view-third:hover h2,\n.view-third:hover p,\n.view-third:hover a.info {\n    transform: scale(1);\n    opacity: 1;\n}\n\/* ==== view 4 ===*\/\n.view-forth-wrapper {\n    overflow: hidden;\n    position: relative !important;\n    height: 100%;\n    \/* cursor: pointer;*\/\n}\n.view-forth img {\n    max-width: 100%;\n    position: relative;\n    top: 0;\n    -webkit-transition: all 600ms cubic-bezier(0.645, 0.045, 0.355, 1);\n    transition: all 600ms cubic-bezier(0.645, 0.045, 0.355, 1);\n}\n.view-forth .mask {\n    position: absolute;\n    width: 100%;\n    \/*    height: 70px;*\/\n    \/*    bottom: -70px;*\/\n    height: 50%;\n    bottom: -50%;\n    -webkit-transition: all 300ms cubic-bezier(0.645, 0.045, 0.355, 1);\n    transition: all 300ms cubic-bezier(0.645, 0.045, 0.355, 1);\n    top: inherit;\n}\n.view-forth:hover .mask {\n    bottom: 0;\n}\n.view-forth:hover img {\n    top: -30px;\n}\n\/*==  view 5 ==*\/\n.view-fifth .view-fifth-wrapper,\n.view-fifth .view-fifth-wrapper img {\n    display: block;\n    position: relative;\n}\n.view-fifth .view-fifth-wrapper {\n    overflow: hidden;\n    height: 100%;\n}\n.view-fifth .view-fifth-wrapper .mask {\n    display: none;\n    position: absolute;\n    background: #333;\n    background: rgba(75, 75, 75, 0.7);\n    width: 100%;\n    height: 100%;\n}\n\/* ====================== album category styles ==========================*\/\n#filters {\n    margin: 1% 0;\n    padding: 0;\n    list-style: none;\n    list-style-type: none !important;\n}\n#filters li {\n    float: left;\n    list-style-type: none !important;\n}\n#filters li:first-child span {\n    margin-left: 0px;\n}\n#filters li span {\n    display: block;\n    text-decoration: none;\n    cursor: pointer;\n}\n.album_categories {\n    list-style-type: none;\n    margin: 0;\n    padding: 0;\n    overflow: hidden;\n    padding-top: 5px;\n}\n\/*=========  sharing buttons  ============*\/\n.album_socials {\n    position: relative;\n    top: 3px;\n    width: 100px;\n    height: 28px;\n    margin: 0 auto;\n}\n.album_socials .uxmodernsl-share-buttons {\n    top: 0px !important;\n    width: 100% !important;\n    margin: 0px !important;\n}\n.album_socials a {\n    text-decoration: underline !important;\n}\n.gallery_images, .album_image_place {\n    margin-top: 15px;\n    margin-top: 15px;\n}\n#gallery_images{\n    margin-top:15px;\n}\n#uxmodernsl-share-facebook:hover {\n    background-position: 0 -31px !important;\n}\n#uxmodernsl-share-twitter:hover {\n    background-position: -31px 32px !important;\n}\n#uxmodernsl-share-googleplus:hover {\n    background-position: -66px -31px !important;\n}\n.uxmodernsl-share-buttons li, .uxmodernsl-share-buttons li a {\n    width: 26px !important;\n    border: 0px !important;\n}\n.uxmodernsl-share-buttons {\n    top: 0 !important;\n}\n.img_link_btn {\n    position: absolute;\n    z-index: 99999;\n    bottom: 0;\n    left: 0;\n    right: 0;\n    width: 100%;\n    padding: 8px;\n}\n.uxmodernsl-title {\n    padding: 10px 0px !important;\n}\n@media only screen and (max-width: 475px) {\n    .uxmodernsl-share-buttons {\n        top: -25px !important;\n    }\n\n    .uxmodernsl-title-text {\n        line-height: 15px;\n    }\n\n    .view, .view img {\n        height: auto !important;\n        max-height: 100% !important;\n    }\n}\n<\/style>    <input type=\"hidden\" name=\"view_style\" value=\"view-second\">\n    <section id=\"thumbwrapper2\" class=\"gallery-img-content\"\n             data-rating-type=\"off\" data-gallery-id=\"2\"\n             data-content-per-page=\"6\">\n        <input type=\"hidden\" class=\"pagenum\" value=\"1\"\/>\n        <ul id=\"uxgallery2\" class=\"uxgallery view-thumbnails\">\n            <li id=\"fullPreview\"><\/li>\n            <input type=\"hidden\" id=\"total\" value=\"1\"\/>\n                            <div class=\"ux_big_li view  view-second\">\n                    <div class=\"view-second-wrapper view-wrapper\">\n\n                        \n\n                                <a class=\"ph-lightbox gallery_group2\"\n                                   href=\"https:\/\/ideas-artelegno.com\/wp-content\/uploads\/2022\/05\/2-min.jpg\" title=\"\">\n                                    <img decoding=\"async\"\n                                            src=\"https:\/\/ideas-artelegno.com\/wp-content\/uploads\/2022\/05\/2-min-1024x768.jpg\"\n                                            alt=\"\"\/>\n                                    <div class=\"mask\">\n\n                                        <div class=\"mask-text\">\n                                                                                        <span class=\"text-category\"><\/span>\n                                        <\/div>\n\n                                        <div class=\"mask-bg\"><\/div>\n                                    <\/div>\n                                <\/a>\n                                \n\n                    <\/div>\n                                    <\/div>\n                            <div class=\"ux_big_li view  view-second\">\n                    <div class=\"view-second-wrapper view-wrapper\">\n\n                        \n\n                                <a class=\"ph-lightbox gallery_group2\"\n                                   href=\"https:\/\/ideas-artelegno.com\/wp-content\/uploads\/2022\/05\/1-min-scaled.jpg\" title=\"\">\n                                    <img decoding=\"async\"\n                                            src=\"https:\/\/ideas-artelegno.com\/wp-content\/uploads\/2022\/05\/1-min-scaled.jpg\"\n                                            alt=\"\"\/>\n                                    <div class=\"mask\">\n\n                                        <div class=\"mask-text\">\n                                                                                        <span class=\"text-category\"><\/span>\n                                        <\/div>\n\n                                        <div class=\"mask-bg\"><\/div>\n                                    <\/div>\n                                <\/a>\n                                \n\n                    <\/div>\n                                    <\/div>\n                            <div class=\"ux_big_li view  view-second\">\n                    <div class=\"view-second-wrapper view-wrapper\">\n\n                        \n\n                                <a class=\"ph-lightbox gallery_group2\"\n                                   href=\"https:\/\/ideas-artelegno.com\/wp-content\/uploads\/2022\/05\/wed-min.jpg\" title=\"\">\n                                    <img decoding=\"async\"\n                                            src=\"https:\/\/ideas-artelegno.com\/wp-content\/uploads\/2022\/05\/wed-min.jpg\"\n                                            alt=\"\"\/>\n                                    <div class=\"mask\">\n\n                                        <div class=\"mask-text\">\n                                                                                        <span class=\"text-category\"><\/span>\n                                        <\/div>\n\n                                        <div class=\"mask-bg\"><\/div>\n                                    <\/div>\n                                <\/a>\n                                \n\n                    <\/div>\n                                    <\/div>\n                            <div class=\"ux_big_li view  view-second\">\n                    <div class=\"view-second-wrapper view-wrapper\">\n\n                        \n\n                                <a class=\"ph-lightbox gallery_group2\"\n                                   href=\"https:\/\/ideas-artelegno.com\/wp-content\/uploads\/2022\/05\/rrrrrrrrrrrrrrrrred3-min.jpg\" title=\"\">\n                                    <img decoding=\"async\"\n                                            src=\"https:\/\/ideas-artelegno.com\/wp-content\/uploads\/2022\/05\/rrrrrrrrrrrrrrrrred3-min.jpg\"\n                                            alt=\"\"\/>\n                                    <div class=\"mask\">\n\n                                        <div class=\"mask-text\">\n                                                                                        <span class=\"text-category\"><\/span>\n                                        <\/div>\n\n                                        <div class=\"mask-bg\"><\/div>\n                                    <\/div>\n                                <\/a>\n                                \n\n                    <\/div>\n                                    <\/div>\n                            <div class=\"ux_big_li view  view-second\">\n                    <div class=\"view-second-wrapper view-wrapper\">\n\n                        \n\n                                <a class=\"ph-lightbox gallery_group2\"\n                                   href=\"https:\/\/ideas-artelegno.com\/wp-content\/uploads\/2022\/05\/5-min.jpg\" title=\"\">\n                                    <img decoding=\"async\"\n                                            src=\"https:\/\/ideas-artelegno.com\/wp-content\/uploads\/2022\/05\/5-min-1024x768.jpg\"\n                                            alt=\"\"\/>\n                                    <div class=\"mask\">\n\n                                        <div class=\"mask-text\">\n                                                                                        <span class=\"text-category\"><\/span>\n                                        <\/div>\n\n                                        <div class=\"mask-bg\"><\/div>\n                                    <\/div>\n                                <\/a>\n                                \n\n                    <\/div>\n                                    <\/div>\n                            <div class=\"ux_big_li view  view-second\">\n                    <div class=\"view-second-wrapper view-wrapper\">\n\n                        \n\n                                <a class=\"ph-lightbox gallery_group2\"\n                                   href=\"https:\/\/ideas-artelegno.com\/wp-content\/uploads\/2022\/05\/4-min.jpg\" title=\"\">\n                                    <img decoding=\"async\"\n                                            src=\"https:\/\/ideas-artelegno.com\/wp-content\/uploads\/2022\/05\/4-min-1024x768.jpg\"\n                                            alt=\"\"\/>\n                                    <div class=\"mask\">\n\n                                        <div class=\"mask-text\">\n                                                                                        <span class=\"text-category\"><\/span>\n                                        <\/div>\n\n                                        <div class=\"mask-bg\"><\/div>\n                                    <\/div>\n                                <\/a>\n                                \n\n                    <\/div>\n                                    <\/div>\n                    <\/ul>\n            <\/section>\n\n<style>section #uxgallery2 {\n    padding: 28px !important;\n    min-width: 100%;\n    width: 100%;\n    min-height: 100%;\n    text-align: center;\n    margin: 0;\n    margin-bottom: 30px;\n    box-shadow:none !important;\n background-color: #333333;\n box-shadow: 0 0 10px;}\n\n#uxgallery2 .ux_big_li {\n overflow: hidden;\n    width: 252px;\n    max-width: 252px;\n    height: 152px;\n    margin: 1px -1px !important;\n    border-radius: 5px;\n    padding: 0 !important;\n border-radius: 5px;\n    border: 1px solid #444444;\n    box-sizing: border-box;\n    max-width: 100%;\n    position: relative;\n    display: inline-block;\n}\n\n#uxgallery2 li img {\n width: 100%;\n    max-width: 250px;\n    height: 150px;\n    margin: 0 !important;\n border-radius: 0px;\n}\n\nsection #uxgallery2 li .overLayer ul li h2,\nsection #uxgallery2 li .infoLayer ul li h2 {\n    font-size: 16px;\n    color: #FFFFFF;\n}\n\nsection #uxgallery2 li .infoLayer ul li p {\n    color: #FFFFFF;\n}\n\nsection #uxgallery2 li .overLayer,\nsection #uxgallery2 li .infoLayer {\n    -webkit-transition: opacity 0.3s linear;\n    -moz-transition: opacity 0.3s linear;\n    -ms-transition: opacity 0.3s linear;\n    -o-transition: opacity 0.3s linear;\n    transition: opacity 0.3s linear;\n    width: 100%;\n    max-width: 252px;\n    height: 152px;\n    position: absolute;\n    text-align: center;\n    opacity: 0;\n    top: 0;\n    left: 0;\n    z-index: 4;\n    max-height: 100%;\n    border-radius: 0px;\n}\n\nsection #uxgallery2 li a {\n    position: absolute;\n    display: block;\n    width: 100%;\n    max-width: 252px;\n    height: 152px;\n    top: 0;\n    left: 0;\n    z-index: 6;\n    max-height: 100%;\n}\n\nli#fullPreview {\n    list-style: none;\n}\n\n.load_more3 {\n    margin: 10px 0;\n    position: relative;\n    text-align: center;\n    width: 100%;\n}\n\n.load_more_button3 {\n    border-radius: 10px;\n    display: inline-block;\n    padding: 5px 15px;\n    font-size: 19px !important;;\n    color: #CCCCCC !important;;\n    background: #333333 !important;\n    cursor: pointer;\n}\n\n.load_more_button3:hover {\n    color: #D9D9D9 !important;\n    background: #8F827C !important;\n}\n\n.loading3 {\n    display: none;\n}\n\n.paginate3 {\n    font-size: 22px !important;\n    color: #0A0202 !important;\n    text-align: center;\n}\n\n.paginate3 a {\n    border-bottom: none !important;\n}\n\n.icon-style3 {\n    font-size: 22px !important;\n    color: #333333 !important;\n}\n\n.clear {\n    clear: both;\n}\n\nsection #uxgallery2 li:hover .overLayer {\n    -webkit-transition: opacity 0.3s linear;\n    -moz-transition: opacity 0.3s linear;\n    -ms-transition: opacity 0.3s linear;\n    -o-transition: opacity 0.3s linear;\n    transition: opacity 0.3s linear;\n    opacity: 0.801;\n    display: block;\n    background: #CCCCCC;\n    \/*border-radius:\n\n\n\n\n\n\n\n\n\n\n\n\n\n\n\n\n\n\n\n0                    px;*\/\n}\n\nsection #uxgallery2 li:hover .infoLayer {\n    -webkit-transition: opacity 0.3s linear;\n    -moz-transition: opacity 0.3s linear;\n    -ms-transition: opacity 0.3s linear;\n    -o-transition: opacity 0.3s linear;\n    transition: opacity 0.3s linear;\n    opacity: 1;\n    display: block;\n}\n\nsection #uxgallery2 p {\n    text-align: center;\n}\n\n\n\n.album_images_count {\n    float: right;\n    position: absolute;\n    top: 3px;\n    right: 3px;\n}\n\n#hover {\n    color: rgba(188, 175, 204, 0.9);\n}\n\nh2#testimonials {\n    color: #fffae3;\n}\n\ndiv#all {\n    width: 100%;\n    height: 100%;\n}\n\n.album_back_button .album_socials {\n    float: right;\n    top: -8px\n}\n\n.album_back_button {\n    margin-bottom: 15px;\n}\n\n.album_back_button .uxmodernsl-share-buttons {\n    margin: 0px;\n    padding: 6px 1px 0px 5px;\n    background: rgba(0, 0, 0, 0.7);\n    border-radius: 3px;\n}\n\n#back_to_albums, #back_to_galleries {\n    background: #616161;\n    padding: 10px;\n    color: #fff;\n    border-radius: 3px;\n}\n\n#back_to_albums:hover, #back_to_galleries:hover {\n    background-color: #000;\n}\n\n.view img {\n    height: auto;\n}\n\n\/*=========  container style ===========*\/\n#album_list, .gallery_images {\nbackground-color:#333333;box-shadow: 0 0 10px; padding: 28px;\n    text-align: center;\n}\n\n\/*=========  hover style ===========*\/\n\n.view {\n    color: #fff;\n    margin: 1px;\n    overflow: hidden;\n    position: relative;\n    text-align: center;\n    cursor: default;\n    width: 250px !important;\n    height: 150px !important;\n    height: auto;\n    border: 1px solid #444444;\n    border-radius: 5px;\n    display: inline-block;\n}\n\n.view img {\n    display: block;\n    position: relative;\n    transition: all 0.2s linear;\n    max-width: 100%;\n    width: 100%;\n    margin: 0 auto;\n}\n\n.view img, .view-wrapper {\n height: 100%;\n    width: 100%;\n\n}\n\n.mask-text h2 {\n    font-size: 16px !important;\n}\n\n\/* view 1 *\/\n.view-first .text-category, .view-first .mask-text h2, .view-first .mask-text p {\n    color: #FFFFFF;\n}\n\n\/*  view 2 *\/\n.view-second .text-category, .view-second .mask-text h2, .view-second p {\n    color: #333333;\n}\n\n.view-second .mask-text h2 {\n    border-bottom: 1px solid #333333;\n}\n\n\/* view 3*\/\n.view-third .mask {\n    background-color: rgba(204,204,204,80)  !important;\n    transition: all 0.5s linear;\n    opacity: 0;\n    color: #333333}\n\n.view-third h2 {\n    border-bottom: 1px solid #333333;\n    background: transparent;\n    margin: 5px 40px 0px 40px;\n    transform: scale(0);\n    color: #333333;\n    transition: all 0.5s linear;\n    opacity: 0;\n}\n\n.view-third p {\n    color: #333333;\n    opacity: 0;\n    transform: scale(0);\n    transition: all 0.5s linear;\n}\n\n.view-third .text-category {\n    color: #333333;\n}\n\n\/* view 4 *\/\n\n.view-forth .mask-bg {\n    background: #333333;\n    width: 100%;\n    height: 100%;\n    position: absolute;\n    top: 0;\n    left: 0;\n}\n\n.view-forth .mask-text {\n    color: #FFFFFF;\n    position: relative;\n    z-index: 500;\n    padding: 5px 8px;\n}\n\n.view-forth .mask-text h2 {\n    margin: 0px;\n    font-size: 13px;\n    padding: 2px;\n    color: #FFFFFF;\n}\n\n.view-forth .mask-text h2:hover {\n    cursor: pointer;\n}\n\n.view-forth .text-category {\n    display: block;\n    font-size: 15px;\n    color: #FFFFFF;\n}\n\n.view-forth p {\n    color: #FFFFFF;\n}\n\n\/* view 5 *\/\n.view-fifth .text-category, .view-fifth .text-category *, .view-fifth .mask-text h2, .view-fifth .mask-text p {\n    color: #333333;\n}\n\n\/*=========  category style ===========*\/\n\n.album_categories li span {\n    float: left;\n    margin: 0 5px 5px 5px;\n    display: block;\n    text-align: center;\n    padding: 7px 16px;\n    text-decoration: none;\n background-color: #43454f;\n    color: white;\n    border-radius: 3px;\n}\n\n.album_categories li span.active, .album_categories li span:hover {\n    cursor: pointer;\n\n background-color: #2e303c;\n}\n\n\/*=========  count style ===========*\/\n\n.album_images_count {\n    font-size: 17px !important;\n    font-weight: bold !important;\n    font-family: sans-serif !important;\n    background-repeat: no-repeat !important;\n    background-size: contain !important;\n    z-index: 2;\n    width: 47px;\n    height: 47px;\n    padding-top: 6px !important;\n background-image: url('https:\/\/ideas-artelegno.com\/wp-content\/plugins\/photo-image-gallery\/assets\/images\/albums\/count\/3.png') !important;\n    color: #ffffff;\n}\n\n.count_image {\n    font-size: 9px;\n    position: absolute;\nbottom: 18px; left:8px;}\n\n@media only screen and (max-width: 475px) {\n    .view {\n        width: auto !important;\n        max-width: 250px !important;\n        height: auto !important;\n        max-height: 150px !important;\n    }\n}\n\n<\/style>\n\t\t<\/div>\n\t<\/div>\n<\/div><\/div><\/div><\/div><\/section>","protected":false},"excerpt":{"rendered":"","protected":false},"author":1,"featured_media":0,"parent":0,"menu_order":0,"comment_status":"open","ping_status":"closed","template":"page-templates\/template-fullwidth.php","meta":{"footnotes":""},"class_list":["post-1696","page","type-page","status-publish","hentry"],"_links":{"self":[{"href":"https:\/\/ideas-artelegno.com\/it\/wp-json\/wp\/v2\/pages\/1696","targetHints":{"allow":["GET"]}}],"collection":[{"href":"https:\/\/ideas-artelegno.com\/it\/wp-json\/wp\/v2\/pages"}],"about":[{"href":"https:\/\/ideas-artelegno.com\/it\/wp-json\/wp\/v2\/types\/page"}],"author":[{"embeddable":true,"href":"https:\/\/ideas-artelegno.com\/it\/wp-json\/wp\/v2\/users\/1"}],"replies":[{"embeddable":true,"href":"https:\/\/ideas-artelegno.com\/it\/wp-json\/wp\/v2\/comments?post=1696"}],"version-history":[{"count":0,"href":"https:\/\/ideas-artelegno.com\/it\/wp-json\/wp\/v2\/pages\/1696\/revisions"}],"wp:attachment":[{"href":"https:\/\/ideas-artelegno.com\/it\/wp-json\/wp\/v2\/media?parent=1696"}],"curies":[{"name":"wp","href":"https:\/\/api.w.org\/{rel}","templated":true}]}}